{"id":940,"date":"2025-12-10T14:18:11","date_gmt":"2025-12-10T14:18:11","guid":{"rendered":"https:\/\/b2hive.com\/?page_id=940"},"modified":"2026-03-02T12:37:12","modified_gmt":"2026-03-02T12:37:12","slug":"blog","status":"publish","type":"page","link":"https:\/\/www.b2hive.com\/pt-br\/blog\/","title":{"rendered":"Blog"},"content":{"rendered":"\t\t<div data-elementor-type=\"wp-page\" data-elementor-id=\"940\" class=\"elementor elementor-940 elementor-469\" data-elementor-post-type=\"page\">\n\t\t\t\t<div class=\"elementor-element elementor-element-1c287a4 e-flex e-con-boxed e-con e-parent\" data-id=\"1c287a4\" data-element_type=\"container\" data-e-type=\"container\">\n\t\t\t\t\t<div class=\"e-con-inner\">\n\t\t\t\t<div class=\"elementor-element elementor-element-7c9866e elementor-widget elementor-widget-heading\" data-id=\"7c9866e\" data-element_type=\"widget\" data-e-type=\"widget\" data-widget_type=\"heading.default\">\n\t\t\t\t\t<h2 class=\"elementor-heading-title elementor-size-default\">Blog<\/h2>\t\t\t\t<\/div>\n\t\t\t\t\t<\/div>\n\t\t\t\t<\/div>\n\t\t<div class=\"elementor-element elementor-element-43f9630 e-flex e-con-boxed e-con e-parent\" data-id=\"43f9630\" data-element_type=\"container\" data-e-type=\"container\">\n\t\t\t\t\t<div class=\"e-con-inner\">\n\t\t\t\t<div class=\"elementor-element elementor-element-44cf37d elementor-grid-3 elementor-grid-tablet-2 elementor-grid-mobile-1 elementor-posts--thumbnail-top elementor-widget elementor-widget-posts\" data-id=\"44cf37d\" data-element_type=\"widget\" data-e-type=\"widget\" data-settings=\"{&quot;classic_columns&quot;:&quot;3&quot;,&quot;classic_columns_tablet&quot;:&quot;2&quot;,&quot;classic_columns_mobile&quot;:&quot;1&quot;,&quot;classic_row_gap&quot;:{&quot;unit&quot;:&quot;px&quot;,&quot;size&quot;:35,&quot;sizes&quot;:[]},&quot;classic_row_gap_tablet&quot;:{&quot;unit&quot;:&quot;px&quot;,&quot;size&quot;:&quot;&quot;,&quot;sizes&quot;:[]},&quot;classic_row_gap_mobile&quot;:{&quot;unit&quot;:&quot;px&quot;,&quot;size&quot;:&quot;&quot;,&quot;sizes&quot;:[]}}\" data-widget_type=\"posts.classic\">\n\t\t\t\t<div class=\"elementor-widget-container\">\n\t\t\t\t\t\t\t<div class=\"elementor-posts-container elementor-posts elementor-posts--skin-classic elementor-grid\" role=\"list\">\n\t\t\t\t<article class=\"elementor-post elementor-grid-item post-1058 post type-post status-publish format-standard has-post-thumbnail hentry category-sistema-de-afiliados\" role=\"listitem\">\n\t\t\t\t<a class=\"elementor-post__thumbnail__link\" href=\"https:\/\/www.b2hive.com\/pt-br\/crm-para-corretoras\/\" tabindex=\"-1\" >\n\t\t\t<div class=\"elementor-post__thumbnail\"><img fetchpriority=\"high\" decoding=\"async\" width=\"300\" height=\"300\" src=\"https:\/\/www.b2hive.com\/wp-content\/uploads\/2026\/03\/CRM-para-corretoras-300x300.png\" class=\"attachment-medium size-medium wp-image-1028\" alt=\"CRM for brokers\" srcset=\"https:\/\/b2hive.com\/wp-content\/uploads\/2026\/03\/CRM-para-corretoras-300x300.png 300w, https:\/\/b2hive.com\/wp-content\/uploads\/2026\/03\/CRM-para-corretoras-150x150.png 150w, https:\/\/b2hive.com\/wp-content\/uploads\/2026\/03\/CRM-para-corretoras-768x768.png 768w, https:\/\/b2hive.com\/wp-content\/uploads\/2026\/03\/CRM-para-corretoras.png 1024w\" sizes=\"(max-width: 300px) 100vw, 300px\" \/><\/div>\n\t\t<\/a>\n\t\t\t\t<div class=\"elementor-post__text\">\n\t\t\t\t<h3 class=\"elementor-post__title\">\n\t\t\t<a href=\"https:\/\/www.b2hive.com\/pt-br\/crm-para-corretoras\/\" >\n\t\t\t\tPor que um CRM para corretoras de op\u00e7\u00f5es bin\u00e1rias \u00e9 o cora\u00e7\u00e3o do seu lucro?\t\t\t<\/a>\n\t\t<\/h3>\n\t\t\t\t<div class=\"elementor-post__excerpt\">\n\t\t\t<p>No mercado de trading de alta frequ\u00eancia, muitos empreendedores cometem o erro fatal de focar excessivamente na est\u00e9tica do gr\u00e1fico. Embora uma interface atraente ajude na primeira impress\u00e3o, o que sustenta a viabilidade financeira n\u00e3o \u00e9 o que o trader<\/p>\n\t\t<\/div>\n\t\t\t\t\t<div class=\"elementor-post__read-more-wrapper\">\n\t\t\n\t\t<a class=\"elementor-post__read-more\" href=\"https:\/\/www.b2hive.com\/pt-br\/crm-para-corretoras\/\" aria-label=\"Read more about Por que um CRM para corretoras de op\u00e7\u00f5es bin\u00e1rias \u00e9 o cora\u00e7\u00e3o do seu lucro?\" tabindex=\"-1\" >\n\t\t\tRead More \u00bb\t\t<\/a>\n\n\t\t\t\t\t<\/div>\n\t\t\t\t<\/div>\n\t\t\t\t<\/article>\n\t\t\t\t<article class=\"elementor-post elementor-grid-item post-1052 post type-post status-publish format-standard has-post-thumbnail hentry category-trading-3\" role=\"listitem\">\n\t\t\t\t<a class=\"elementor-post__thumbnail__link\" href=\"https:\/\/www.b2hive.com\/pt-br\/plataforma-de-trading-white-label\/\" tabindex=\"-1\" >\n\t\t\t<div class=\"elementor-post__thumbnail\"><img decoding=\"async\" width=\"300\" height=\"300\" src=\"https:\/\/www.b2hive.com\/wp-content\/uploads\/2026\/03\/Plataforma-Trading-de-White-Label-300x300.png\" class=\"attachment-medium size-medium wp-image-1034\" alt=\"Plataforma de Trading White Label\" srcset=\"https:\/\/b2hive.com\/wp-content\/uploads\/2026\/03\/Plataforma-Trading-de-White-Label-300x300.png 300w, https:\/\/b2hive.com\/wp-content\/uploads\/2026\/03\/Plataforma-Trading-de-White-Label-150x150.png 150w, https:\/\/b2hive.com\/wp-content\/uploads\/2026\/03\/Plataforma-Trading-de-White-Label-768x768.png 768w, https:\/\/b2hive.com\/wp-content\/uploads\/2026\/03\/Plataforma-Trading-de-White-Label.png 1024w\" sizes=\"(max-width: 300px) 100vw, 300px\" \/><\/div>\n\t\t<\/a>\n\t\t\t\t<div class=\"elementor-post__text\">\n\t\t\t\t<h3 class=\"elementor-post__title\">\n\t\t\t<a href=\"https:\/\/www.b2hive.com\/pt-br\/plataforma-de-trading-white-label\/\" >\n\t\t\t\tComo abrir sua corretora do zero com uma plataforma de trading white label\t\t\t<\/a>\n\t\t<\/h3>\n\t\t\t\t<div class=\"elementor-post__excerpt\">\n\t\t\t<p>Decidir entrar no mercado de Op\u00e7\u00f5es Bin\u00e1rias exige uma vis\u00e3o estrat\u00e9gica. O tempo de desenvolver sistemas do zero, gastando fortunas e meses em programa\u00e7\u00e3o, ficou para tr\u00e1s. Hoje, o sucesso de um novo broker depende de qu\u00e3o r\u00e1pido e seguro<\/p>\n\t\t<\/div>\n\t\t\t\t\t<div class=\"elementor-post__read-more-wrapper\">\n\t\t\n\t\t<a class=\"elementor-post__read-more\" href=\"https:\/\/www.b2hive.com\/pt-br\/plataforma-de-trading-white-label\/\" aria-label=\"Read more about Como abrir sua corretora do zero com uma plataforma de trading white label\" tabindex=\"-1\" >\n\t\t\tRead More \u00bb\t\t<\/a>\n\n\t\t\t\t\t<\/div>\n\t\t\t\t<\/div>\n\t\t\t\t<\/article>\n\t\t\t\t<article class=\"elementor-post elementor-grid-item post-1046 post type-post status-publish format-standard has-post-thumbnail hentry category-seguranca\" role=\"listitem\">\n\t\t\t\t<a class=\"elementor-post__thumbnail__link\" href=\"https:\/\/www.b2hive.com\/pt-br\/estrutura-offshore-para-corretoras\/\" tabindex=\"-1\" >\n\t\t\t<div class=\"elementor-post__thumbnail\"><img decoding=\"async\" width=\"300\" height=\"300\" src=\"https:\/\/www.b2hive.com\/wp-content\/uploads\/2026\/03\/Estrutura-offshore-para-corretoras-300x300.png\" class=\"attachment-medium size-medium wp-image-1031\" alt=\"Garanta o sucesso do seu neg\u00f3cio com uma Estrutura Offshore para Corretoras. Prote\u00e7\u00e3o patrimonial, compliance e tecnologia White Label em 2026. Saiba mais!\" srcset=\"https:\/\/b2hive.com\/wp-content\/uploads\/2026\/03\/Estrutura-offshore-para-corretoras-300x300.png 300w, https:\/\/b2hive.com\/wp-content\/uploads\/2026\/03\/Estrutura-offshore-para-corretoras-150x150.png 150w, https:\/\/b2hive.com\/wp-content\/uploads\/2026\/03\/Estrutura-offshore-para-corretoras-768x768.png 768w, https:\/\/b2hive.com\/wp-content\/uploads\/2026\/03\/Estrutura-offshore-para-corretoras.png 1024w\" sizes=\"(max-width: 300px) 100vw, 300px\" \/><\/div>\n\t\t<\/a>\n\t\t\t\t<div class=\"elementor-post__text\">\n\t\t\t\t<h3 class=\"elementor-post__title\">\n\t\t\t<a href=\"https:\/\/www.b2hive.com\/pt-br\/estrutura-offshore-para-corretoras\/\" >\n\t\t\t\tEstrutura Offshore para Corretoras: Como operar com seguran\u00e7a jur\u00eddica\t\t\t<\/a>\n\t\t<\/h3>\n\t\t\t\t<div class=\"elementor-post__excerpt\">\n\t\t\t<p>No mercado de op\u00e7\u00f5es bin\u00e1rias, a transi\u00e7\u00e3o de uma opera\u00e7\u00e3o comum para um neg\u00f3cio de escala global exige mais do que apenas uma boa estrat\u00e9gia de marketing; exige uma base institucional robusta. Para o empreendedor que deseja escalar com autoridade<\/p>\n\t\t<\/div>\n\t\t\t\t\t<div class=\"elementor-post__read-more-wrapper\">\n\t\t\n\t\t<a class=\"elementor-post__read-more\" href=\"https:\/\/www.b2hive.com\/pt-br\/estrutura-offshore-para-corretoras\/\" aria-label=\"Read more about Estrutura Offshore para Corretoras: Como operar com seguran\u00e7a jur\u00eddica\" tabindex=\"-1\" >\n\t\t\tRead More \u00bb\t\t<\/a>\n\n\t\t\t\t\t<\/div>\n\t\t\t\t<\/div>\n\t\t\t\t<\/article>\n\t\t\t\t<article class=\"elementor-post elementor-grid-item post-1040 post type-post status-publish format-standard has-post-thumbnail hentry category-opcoes-binarias\" role=\"listitem\">\n\t\t\t\t<a class=\"elementor-post__thumbnail__link\" href=\"https:\/\/www.b2hive.com\/pt-br\/plataforma-white-label-opcoes-binarias\/\" tabindex=\"-1\" >\n\t\t\t<div class=\"elementor-post__thumbnail\"><img loading=\"lazy\" decoding=\"async\" width=\"300\" height=\"300\" src=\"https:\/\/www.b2hive.com\/wp-content\/uploads\/2026\/03\/Plataforma-White-Label-300x300.png\" class=\"attachment-medium size-medium wp-image-1037\" alt=\"plataforma White Label Op\u00e7\u00f5es Bin\u00e1rias\" srcset=\"https:\/\/b2hive.com\/wp-content\/uploads\/2026\/03\/Plataforma-White-Label-300x300.png 300w, https:\/\/b2hive.com\/wp-content\/uploads\/2026\/03\/Plataforma-White-Label-150x150.png 150w, https:\/\/b2hive.com\/wp-content\/uploads\/2026\/03\/Plataforma-White-Label-768x768.png 768w, https:\/\/b2hive.com\/wp-content\/uploads\/2026\/03\/Plataforma-White-Label.png 1024w\" sizes=\"(max-width: 300px) 100vw, 300px\" \/><\/div>\n\t\t<\/a>\n\t\t\t\t<div class=\"elementor-post__text\">\n\t\t\t\t<h3 class=\"elementor-post__title\">\n\t\t\t<a href=\"https:\/\/www.b2hive.com\/pt-br\/plataforma-white-label-opcoes-binarias\/\" >\n\t\t\t\tComo escolher a melhor plataforma White Label Op\u00e7\u00f5es Bin\u00e1rias em 2026?\t\t\t<\/a>\n\t\t<\/h3>\n\t\t\t\t<div class=\"elementor-post__excerpt\">\n\t\t\t<p>Ao decidir lan\u00e7ar sua pr\u00f3pria corretora, a escolha da tecnologia \u00e9 a decis\u00e3o mais cr\u00edtica que voc\u00ea tomar\u00e1.&nbsp; Em 2026, o mercado n\u00e3o aceita mais amadorismo, e o investidor precisa decidir entre sistemas excessivamente caros ou solu\u00e7\u00f5es baratas que n\u00e3o<\/p>\n\t\t<\/div>\n\t\t\t\t\t<div class=\"elementor-post__read-more-wrapper\">\n\t\t\n\t\t<a class=\"elementor-post__read-more\" href=\"https:\/\/www.b2hive.com\/pt-br\/plataforma-white-label-opcoes-binarias\/\" aria-label=\"Read more about Como escolher a melhor plataforma White Label Op\u00e7\u00f5es Bin\u00e1rias em 2026?\" tabindex=\"-1\" >\n\t\t\tRead More \u00bb\t\t<\/a>\n\n\t\t\t\t\t<\/div>\n\t\t\t\t<\/div>\n\t\t\t\t<\/article>\n\t\t\t\t<article class=\"elementor-post elementor-grid-item post-611 post type-post status-publish format-standard has-post-thumbnail hentry category-tecnologia\" role=\"listitem\">\n\t\t\t\t<a class=\"elementor-post__thumbnail__link\" href=\"https:\/\/www.b2hive.com\/pt-br\/fornecedor-de-tecnologia-para-plataformas-de-negociaca\/\" tabindex=\"-1\" >\n\t\t\t<div class=\"elementor-post__thumbnail\"><img loading=\"lazy\" decoding=\"async\" width=\"300\" height=\"300\" src=\"https:\/\/www.b2hive.com\/wp-content\/uploads\/2026\/02\/Technology-provider-for-trading-platforms-1-300x300.png\" class=\"attachment-medium size-medium wp-image-875\" alt=\"fornecedor de tecnologia para plataformas de negocia\u00e7\u00e3o\" srcset=\"https:\/\/b2hive.com\/wp-content\/uploads\/2026\/02\/Technology-provider-for-trading-platforms-1-300x300.png 300w, https:\/\/b2hive.com\/wp-content\/uploads\/2026\/02\/Technology-provider-for-trading-platforms-1-150x150.png 150w, https:\/\/b2hive.com\/wp-content\/uploads\/2026\/02\/Technology-provider-for-trading-platforms-1-768x768.png 768w, https:\/\/b2hive.com\/wp-content\/uploads\/2026\/02\/Technology-provider-for-trading-platforms-1.png 1024w\" sizes=\"(max-width: 300px) 100vw, 300px\" \/><\/div>\n\t\t<\/a>\n\t\t\t\t<div class=\"elementor-post__text\">\n\t\t\t\t<h3 class=\"elementor-post__title\">\n\t\t\t<a href=\"https:\/\/www.b2hive.com\/pt-br\/fornecedor-de-tecnologia-para-plataformas-de-negociaca\/\" >\n\t\t\t\tO que buscar em um fornecedor de tecnologia para plataformas de negocia\u00e7\u00e3o?\t\t\t<\/a>\n\t\t<\/h3>\n\t\t\t\t<div class=\"elementor-post__excerpt\">\n\t\t\t<p>Escolher um fornecedor de tecnologia para plataformas de negocia\u00e7\u00e3o \u00e9 uma das decis\u00f5es mais importantes ao abrir ou escalar uma corretora.&nbsp; Afinal, a tecnologia n\u00e3o \u00e9 apenas o sistema onde os traders operam, ela \u00e9 respons\u00e1vel por sustentar toda a<\/p>\n\t\t<\/div>\n\t\t\t\t\t<div class=\"elementor-post__read-more-wrapper\">\n\t\t\n\t\t<a class=\"elementor-post__read-more\" href=\"https:\/\/www.b2hive.com\/pt-br\/fornecedor-de-tecnologia-para-plataformas-de-negociaca\/\" aria-label=\"Read more about O que buscar em um fornecedor de tecnologia para plataformas de negocia\u00e7\u00e3o?\" tabindex=\"-1\" >\n\t\t\tRead More \u00bb\t\t<\/a>\n\n\t\t\t\t\t<\/div>\n\t\t\t\t<\/div>\n\t\t\t\t<\/article>\n\t\t\t\t<article class=\"elementor-post elementor-grid-item post-609 post type-post status-publish format-standard has-post-thumbnail hentry category-seguranca\" role=\"listitem\">\n\t\t\t\t<a class=\"elementor-post__thumbnail__link\" href=\"https:\/\/www.b2hive.com\/pt-br\/sistema-de-gestao-de-riscos-para-corretoras\/\" tabindex=\"-1\" >\n\t\t\t<div class=\"elementor-post__thumbnail\"><img loading=\"lazy\" decoding=\"async\" width=\"300\" height=\"300\" src=\"https:\/\/www.b2hive.com\/wp-content\/uploads\/2026\/02\/risk-managment-system-for-brokerages-300x300.png\" class=\"attachment-medium size-medium wp-image-878\" alt=\"Sistema de gest\u00e3o de riscos para corretoras\" srcset=\"https:\/\/b2hive.com\/wp-content\/uploads\/2026\/02\/risk-managment-system-for-brokerages-300x300.png 300w, https:\/\/b2hive.com\/wp-content\/uploads\/2026\/02\/risk-managment-system-for-brokerages-150x150.png 150w, https:\/\/b2hive.com\/wp-content\/uploads\/2026\/02\/risk-managment-system-for-brokerages-768x768.png 768w, https:\/\/b2hive.com\/wp-content\/uploads\/2026\/02\/risk-managment-system-for-brokerages.png 1024w\" sizes=\"(max-width: 300px) 100vw, 300px\" \/><\/div>\n\t\t<\/a>\n\t\t\t\t<div class=\"elementor-post__text\">\n\t\t\t\t<h3 class=\"elementor-post__title\">\n\t\t\t<a href=\"https:\/\/www.b2hive.com\/pt-br\/sistema-de-gestao-de-riscos-para-corretoras\/\" >\n\t\t\t\tSistema de gest\u00e3o de riscos para corretoras: por que investir em uma plataforma que tenha?\t\t\t<\/a>\n\t\t<\/h3>\n\t\t\t\t<div class=\"elementor-post__excerpt\">\n\t\t\t<p>Toda corretora digital nasce com um objetivo claro: escalar volume, aumentar reten\u00e7\u00e3o e construir uma opera\u00e7\u00e3o financeiramente sustent\u00e1vel.&nbsp; O que muitas vezes \u00e9 subestimado nesse processo \u00e9 que crescimento sem controle de risco n\u00e3o \u00e9 expans\u00e3o. \u00c9 exposi\u00e7\u00e3o. Em mercados<\/p>\n\t\t<\/div>\n\t\t\t\t\t<div class=\"elementor-post__read-more-wrapper\">\n\t\t\n\t\t<a class=\"elementor-post__read-more\" href=\"https:\/\/www.b2hive.com\/pt-br\/sistema-de-gestao-de-riscos-para-corretoras\/\" aria-label=\"Read more about Sistema de gest\u00e3o de riscos para corretoras: por que investir em uma plataforma que tenha?\" tabindex=\"-1\" >\n\t\t\tRead More \u00bb\t\t<\/a>\n\n\t\t\t\t\t<\/div>\n\t\t\t\t<\/div>\n\t\t\t\t<\/article>\n\t\t\t\t<\/div>\n\t\t\n\t\t\t\t\t\t<\/div>\n\t\t\t\t<\/div>\n\t\t\t\t\t<\/div>\n\t\t\t\t<\/div>\n\t\t\t\t<\/div>\n\t\t","protected":false},"excerpt":{"rendered":"<p>Blog<\/p>\n","protected":false},"author":1,"featured_media":0,"parent":0,"menu_order":0,"comment_status":"closed","ping_status":"closed","template":"elementor_header_footer","meta":{"footnotes":""},"class_list":["post-940","page","type-page","status-publish","hentry"],"yoast_head":"<!-- This site is optimized with the Yoast SEO plugin v27.4 - https:\/\/yoast.com\/product\/yoast-seo-wordpress\/ -->\n<title>Blog - B2Hive | Turnkey Forex, Prop &amp; Binary Brokerage Solutions<\/title>\n<meta name=\"robots\" content=\"index, follow, max-snippet:-1, max-image-preview:large, max-video-preview:-1\" \/>\n<link rel=\"canonical\" href=\"https:\/\/b2hive.com\/pt-br\/blog\/\" \/>\n<meta property=\"og:locale\" content=\"pt_BR\" \/>\n<meta property=\"og:type\" content=\"article\" \/>\n<meta property=\"og:title\" content=\"Blog - B2Hive | Turnkey Forex, Prop &amp; Binary Brokerage Solutions\" \/>\n<meta property=\"og:description\" content=\"Blog\" \/>\n<meta property=\"og:url\" content=\"https:\/\/b2hive.com\/pt-br\/blog\/\" \/>\n<meta property=\"og:site_name\" content=\"B2Hive | Turnkey Forex, Prop &amp; Binary Brokerage Solutions\" \/>\n<meta property=\"article:modified_time\" content=\"2026-03-02T12:37:12+00:00\" \/>\n<meta name=\"twitter:card\" content=\"summary_large_image\" \/>\n<meta name=\"twitter:label1\" content=\"Est. tempo de leitura\" \/>\n\t<meta name=\"twitter:data1\" content=\"5 minutos\" \/>\n<script type=\"application\/ld+json\" class=\"yoast-schema-graph\">{\"@context\":\"https:\\\/\\\/schema.org\",\"@graph\":[{\"@type\":\"WebPage\",\"@id\":\"https:\\\/\\\/b2hive.com\\\/pt-br\\\/blog\\\/\",\"url\":\"https:\\\/\\\/b2hive.com\\\/pt-br\\\/blog\\\/\",\"name\":\"Blog - B2Hive | Turnkey Forex, Prop &amp; Binary Brokerage Solutions\",\"isPartOf\":{\"@id\":\"https:\\\/\\\/91.243.179.9\\\/#website\"},\"datePublished\":\"2025-12-10T14:18:11+00:00\",\"dateModified\":\"2026-03-02T12:37:12+00:00\",\"breadcrumb\":{\"@id\":\"https:\\\/\\\/b2hive.com\\\/pt-br\\\/blog\\\/#breadcrumb\"},\"inLanguage\":\"pt-BR\",\"potentialAction\":[{\"@type\":\"ReadAction\",\"target\":[\"https:\\\/\\\/b2hive.com\\\/pt-br\\\/blog\\\/\"]}]},{\"@type\":\"BreadcrumbList\",\"@id\":\"https:\\\/\\\/b2hive.com\\\/pt-br\\\/blog\\\/#breadcrumb\",\"itemListElement\":[{\"@type\":\"ListItem\",\"position\":1,\"name\":\"Home\",\"item\":\"https:\\\/\\\/www.b2hive.com\\\/pt-br\\\/\"},{\"@type\":\"ListItem\",\"position\":2,\"name\":\"Blog\"}]},{\"@type\":\"WebSite\",\"@id\":\"https:\\\/\\\/91.243.179.9\\\/#website\",\"url\":\"https:\\\/\\\/91.243.179.9\\\/\",\"name\":\"B2Hive | Turnkey Forex, Prop & Binary Brokerage Solutions\",\"description\":\"Launch your own brokerage with B2Hive \u2014 a complete solution for Forex, Prop Trading, and Binary Options. Advanced platforms, CRM, liquidity &amp; more.\",\"alternateName\":\"B2Hive | Binary Brokerage Solutions\",\"potentialAction\":[{\"@type\":\"SearchAction\",\"target\":{\"@type\":\"EntryPoint\",\"urlTemplate\":\"https:\\\/\\\/91.243.179.9\\\/?s={search_term_string}\"},\"query-input\":{\"@type\":\"PropertyValueSpecification\",\"valueRequired\":true,\"valueName\":\"search_term_string\"}}],\"inLanguage\":\"pt-BR\"}]}<\/script>\n<!-- \/ Yoast SEO plugin. -->","yoast_head_json":{"title":"Blog - B2Hive | Turnkey Forex, Prop &amp; Binary Brokerage Solutions","robots":{"index":"index","follow":"follow","max-snippet":"max-snippet:-1","max-image-preview":"max-image-preview:large","max-video-preview":"max-video-preview:-1"},"canonical":"https:\/\/b2hive.com\/pt-br\/blog\/","og_locale":"pt_BR","og_type":"article","og_title":"Blog - B2Hive | Turnkey Forex, Prop &amp; Binary Brokerage Solutions","og_description":"Blog","og_url":"https:\/\/b2hive.com\/pt-br\/blog\/","og_site_name":"B2Hive | Turnkey Forex, Prop &amp; Binary Brokerage Solutions","article_modified_time":"2026-03-02T12:37:12+00:00","twitter_card":"summary_large_image","twitter_misc":{"Est. tempo de leitura":"5 minutos"},"schema":{"@context":"https:\/\/schema.org","@graph":[{"@type":"WebPage","@id":"https:\/\/b2hive.com\/pt-br\/blog\/","url":"https:\/\/b2hive.com\/pt-br\/blog\/","name":"Blog - B2Hive | Turnkey Forex, Prop &amp; Binary Brokerage Solutions","isPartOf":{"@id":"https:\/\/91.243.179.9\/#website"},"datePublished":"2025-12-10T14:18:11+00:00","dateModified":"2026-03-02T12:37:12+00:00","breadcrumb":{"@id":"https:\/\/b2hive.com\/pt-br\/blog\/#breadcrumb"},"inLanguage":"pt-BR","potentialAction":[{"@type":"ReadAction","target":["https:\/\/b2hive.com\/pt-br\/blog\/"]}]},{"@type":"BreadcrumbList","@id":"https:\/\/b2hive.com\/pt-br\/blog\/#breadcrumb","itemListElement":[{"@type":"ListItem","position":1,"name":"Home","item":"https:\/\/www.b2hive.com\/pt-br\/"},{"@type":"ListItem","position":2,"name":"Blog"}]},{"@type":"WebSite","@id":"https:\/\/91.243.179.9\/#website","url":"https:\/\/91.243.179.9\/","name":"B2Hive | Turnkey Forex, Prop & Binary Brokerage Solutions","description":"Launch your own brokerage with B2Hive \u2014 a complete solution for Forex, Prop Trading, and Binary Options. Advanced platforms, CRM, liquidity &amp; more.","alternateName":"B2Hive | Binary Brokerage Solutions","potentialAction":[{"@type":"SearchAction","target":{"@type":"EntryPoint","urlTemplate":"https:\/\/91.243.179.9\/?s={search_term_string}"},"query-input":{"@type":"PropertyValueSpecification","valueRequired":true,"valueName":"search_term_string"}}],"inLanguage":"pt-BR"}]}},"_links":{"self":[{"href":"https:\/\/www.b2hive.com\/pt-br\/wp-json\/wp\/v2\/pages\/940","targetHints":{"allow":["GET"]}}],"collection":[{"href":"https:\/\/www.b2hive.com\/pt-br\/wp-json\/wp\/v2\/pages"}],"about":[{"href":"https:\/\/www.b2hive.com\/pt-br\/wp-json\/wp\/v2\/types\/page"}],"author":[{"embeddable":true,"href":"https:\/\/www.b2hive.com\/pt-br\/wp-json\/wp\/v2\/users\/1"}],"replies":[{"embeddable":true,"href":"https:\/\/www.b2hive.com\/pt-br\/wp-json\/wp\/v2\/comments?post=940"}],"version-history":[{"count":60,"href":"https:\/\/www.b2hive.com\/pt-br\/wp-json\/wp\/v2\/pages\/940\/revisions"}],"predecessor-version":[{"id":1022,"href":"https:\/\/www.b2hive.com\/pt-br\/wp-json\/wp\/v2\/pages\/940\/revisions\/1022"}],"wp:attachment":[{"href":"https:\/\/www.b2hive.com\/pt-br\/wp-json\/wp\/v2\/media?parent=940"}],"curies":[{"name":"wp","href":"https:\/\/api.w.org\/{rel}","templated":true}]}}