{"id":956,"date":"2025-12-10T14:18:11","date_gmt":"2025-12-10T14:18:11","guid":{"rendered":"https:\/\/b2hive.com\/?page_id=956"},"modified":"2026-02-26T17:58:12","modified_gmt":"2026-02-26T17:58:12","slug":"blog","status":"publish","type":"page","link":"https:\/\/www.b2hive.com\/es\/blog\/","title":{"rendered":"Blog"},"content":{"rendered":"\t\t<div data-elementor-type=\"wp-page\" data-elementor-id=\"956\" class=\"elementor elementor-956 elementor-469\" data-elementor-post-type=\"page\">\n\t\t\t\t<div class=\"elementor-element elementor-element-1c287a4 e-flex e-con-boxed e-con e-parent\" data-id=\"1c287a4\" data-element_type=\"container\" data-e-type=\"container\">\n\t\t\t\t\t<div class=\"e-con-inner\">\n\t\t\t\t<div class=\"elementor-element elementor-element-7c9866e elementor-widget elementor-widget-heading\" data-id=\"7c9866e\" data-element_type=\"widget\" data-e-type=\"widget\" data-widget_type=\"heading.default\">\n\t\t\t\t\t<h2 class=\"elementor-heading-title elementor-size-default\">Blog<\/h2>\t\t\t\t<\/div>\n\t\t\t\t\t<\/div>\n\t\t\t\t<\/div>\n\t\t<div class=\"elementor-element elementor-element-9906909 e-flex e-con-boxed e-con e-parent\" data-id=\"9906909\" data-element_type=\"container\" data-e-type=\"container\">\n\t\t\t\t\t<div class=\"e-con-inner\">\n\t\t\t\t<div class=\"elementor-element elementor-element-5f0c3e2 elementor-grid-3 elementor-grid-tablet-2 elementor-grid-mobile-1 elementor-posts--thumbnail-top elementor-widget elementor-widget-posts\" data-id=\"5f0c3e2\" data-element_type=\"widget\" data-e-type=\"widget\" data-settings=\"{&quot;classic_columns&quot;:&quot;3&quot;,&quot;classic_columns_tablet&quot;:&quot;2&quot;,&quot;classic_columns_mobile&quot;:&quot;1&quot;,&quot;classic_row_gap&quot;:{&quot;unit&quot;:&quot;px&quot;,&quot;size&quot;:35,&quot;sizes&quot;:[]},&quot;classic_row_gap_tablet&quot;:{&quot;unit&quot;:&quot;px&quot;,&quot;size&quot;:&quot;&quot;,&quot;sizes&quot;:[]},&quot;classic_row_gap_mobile&quot;:{&quot;unit&quot;:&quot;px&quot;,&quot;size&quot;:&quot;&quot;,&quot;sizes&quot;:[]}}\" data-widget_type=\"posts.classic\">\n\t\t\t\t<div class=\"elementor-widget-container\">\n\t\t\t\t\t\t\t<div class=\"elementor-posts-container elementor-posts elementor-posts--skin-classic elementor-grid\" role=\"list\">\n\t\t\t\t<article class=\"elementor-post elementor-grid-item post-1060 post type-post status-publish format-standard has-post-thumbnail hentry category-sistema-de-afiliacion\" role=\"listitem\">\n\t\t\t\t<a class=\"elementor-post__thumbnail__link\" href=\"https:\/\/www.b2hive.com\/es\/crm-para-corredoras\/\" tabindex=\"-1\" >\n\t\t\t<div class=\"elementor-post__thumbnail\"><img fetchpriority=\"high\" decoding=\"async\" width=\"300\" height=\"300\" src=\"https:\/\/www.b2hive.com\/wp-content\/uploads\/2026\/03\/CRM-para-corretoras-300x300.png\" class=\"attachment-medium size-medium wp-image-1029\" alt=\"CRM for brokers\" srcset=\"https:\/\/b2hive.com\/wp-content\/uploads\/2026\/03\/CRM-para-corretoras-300x300.png 300w, https:\/\/b2hive.com\/wp-content\/uploads\/2026\/03\/CRM-para-corretoras-150x150.png 150w, https:\/\/b2hive.com\/wp-content\/uploads\/2026\/03\/CRM-para-corretoras-768x768.png 768w, https:\/\/b2hive.com\/wp-content\/uploads\/2026\/03\/CRM-para-corretoras.png 1024w\" sizes=\"(max-width: 300px) 100vw, 300px\" \/><\/div>\n\t\t<\/a>\n\t\t\t\t<div class=\"elementor-post__text\">\n\t\t\t\t<h3 class=\"elementor-post__title\">\n\t\t\t<a href=\"https:\/\/www.b2hive.com\/es\/crm-para-corredoras\/\" >\n\t\t\t\t\u00bfPor qu\u00e9 un CRM para corredoras de opciones binarias es la clave de sus ganancias?\t\t\t<\/a>\n\t\t<\/h3>\n\t\t\t\t<div class=\"elementor-post__excerpt\">\n\t\t\t<p>En el mercado del trading de alta frecuencia, muchos emprendedores cometen el error fatal de centrarse excesivamente en la est\u00e9tica del gr\u00e1fico. Aunque una interfaz atractiva ayuda a causar una buena primera impresi\u00f3n, lo que sustenta la viabilidad financiera no<\/p>\n\t\t<\/div>\n\t\t\n\t\t<a class=\"elementor-post__read-more\" href=\"https:\/\/www.b2hive.com\/es\/crm-para-corredoras\/\" aria-label=\"Read more about \u00bfPor qu\u00e9 un CRM para corredoras de opciones binarias es la clave de sus ganancias?\" tabindex=\"-1\" >\n\t\t\tRead More \u00bb\t\t<\/a>\n\n\t\t\t\t<\/div>\n\t\t\t\t<\/article>\n\t\t\t\t<article class=\"elementor-post elementor-grid-item post-1054 post type-post status-publish format-standard has-post-thumbnail hentry category-trading-2\" role=\"listitem\">\n\t\t\t\t<a class=\"elementor-post__thumbnail__link\" href=\"https:\/\/www.b2hive.com\/es\/plataforma-de-trading-marca-blanca\/\" tabindex=\"-1\" >\n\t\t\t<div class=\"elementor-post__thumbnail\"><img decoding=\"async\" width=\"300\" height=\"300\" src=\"https:\/\/www.b2hive.com\/wp-content\/uploads\/2026\/03\/Plataforma-Trading-de-White-Label-300x300.png\" class=\"attachment-medium size-medium wp-image-1035\" alt=\"Plataforma de trading marca blanca\" srcset=\"https:\/\/b2hive.com\/wp-content\/uploads\/2026\/03\/Plataforma-Trading-de-White-Label-300x300.png 300w, https:\/\/b2hive.com\/wp-content\/uploads\/2026\/03\/Plataforma-Trading-de-White-Label-150x150.png 150w, https:\/\/b2hive.com\/wp-content\/uploads\/2026\/03\/Plataforma-Trading-de-White-Label-768x768.png 768w, https:\/\/b2hive.com\/wp-content\/uploads\/2026\/03\/Plataforma-Trading-de-White-Label.png 1024w\" sizes=\"(max-width: 300px) 100vw, 300px\" \/><\/div>\n\t\t<\/a>\n\t\t\t\t<div class=\"elementor-post__text\">\n\t\t\t\t<h3 class=\"elementor-post__title\">\n\t\t\t<a href=\"https:\/\/www.b2hive.com\/es\/plataforma-de-trading-marca-blanca\/\" >\n\t\t\t\tC\u00f3mo crear tu propia corredora desde cero con una plataforma de trading marca blanca\t\t\t<\/a>\n\t\t<\/h3>\n\t\t\t\t<div class=\"elementor-post__excerpt\">\n\t\t\t<p>Decidir entrar en el mercado de las opciones binarias requiere una visi\u00f3n estrat\u00e9gica. Los tiempos en los que hab\u00eda que desarrollar sistemas desde cero, gastando fortunas y meses en programaci\u00f3n, han quedado atr\u00e1s.&nbsp; Hoy en d\u00eda, el \u00e9xito de un<\/p>\n\t\t<\/div>\n\t\t\n\t\t<a class=\"elementor-post__read-more\" href=\"https:\/\/www.b2hive.com\/es\/plataforma-de-trading-marca-blanca\/\" aria-label=\"Read more about C\u00f3mo crear tu propia corredora desde cero con una plataforma de trading marca blanca\" tabindex=\"-1\" >\n\t\t\tRead More \u00bb\t\t<\/a>\n\n\t\t\t\t<\/div>\n\t\t\t\t<\/article>\n\t\t\t\t<article class=\"elementor-post elementor-grid-item post-1048 post type-post status-publish format-standard has-post-thumbnail hentry category-seguridad\" role=\"listitem\">\n\t\t\t\t<a class=\"elementor-post__thumbnail__link\" href=\"https:\/\/www.b2hive.com\/es\/estructura-offshore-para-corredurias\/\" tabindex=\"-1\" >\n\t\t\t<div class=\"elementor-post__thumbnail\"><img decoding=\"async\" width=\"300\" height=\"300\" src=\"https:\/\/www.b2hive.com\/wp-content\/uploads\/2026\/03\/Estrutura-offshore-para-corretoras-300x300.png\" class=\"attachment-medium size-medium wp-image-1032\" alt=\"Estructura offshore para corredur\u00edas\" srcset=\"https:\/\/b2hive.com\/wp-content\/uploads\/2026\/03\/Estrutura-offshore-para-corretoras-300x300.png 300w, https:\/\/b2hive.com\/wp-content\/uploads\/2026\/03\/Estrutura-offshore-para-corretoras-150x150.png 150w, https:\/\/b2hive.com\/wp-content\/uploads\/2026\/03\/Estrutura-offshore-para-corretoras-768x768.png 768w, https:\/\/b2hive.com\/wp-content\/uploads\/2026\/03\/Estrutura-offshore-para-corretoras.png 1024w\" sizes=\"(max-width: 300px) 100vw, 300px\" \/><\/div>\n\t\t<\/a>\n\t\t\t\t<div class=\"elementor-post__text\">\n\t\t\t\t<h3 class=\"elementor-post__title\">\n\t\t\t<a href=\"https:\/\/www.b2hive.com\/es\/estructura-offshore-para-corredurias\/\" >\n\t\t\t\tEstructura offshore para corredur\u00edas: c\u00f3mo operar con seguridad jur\u00eddica\t\t\t<\/a>\n\t\t<\/h3>\n\t\t\t\t<div class=\"elementor-post__excerpt\">\n\t\t\t<p>En el mercado de opciones binarias, la transici\u00f3n de una operaci\u00f3n com\u00fan a un negocio a escala global exige algo m\u00e1s que una buena estrategia de marketing; exige una base institucional s\u00f3lida. Para el emprendedor que desea crecer con autoridad<\/p>\n\t\t<\/div>\n\t\t\n\t\t<a class=\"elementor-post__read-more\" href=\"https:\/\/www.b2hive.com\/es\/estructura-offshore-para-corredurias\/\" aria-label=\"Read more about Estructura offshore para corredur\u00edas: c\u00f3mo operar con seguridad jur\u00eddica\" tabindex=\"-1\" >\n\t\t\tRead More \u00bb\t\t<\/a>\n\n\t\t\t\t<\/div>\n\t\t\t\t<\/article>\n\t\t\t\t<article class=\"elementor-post elementor-grid-item post-1042 post type-post status-publish format-standard has-post-thumbnail hentry category-opciones-binarias\" role=\"listitem\">\n\t\t\t\t<a class=\"elementor-post__thumbnail__link\" href=\"https:\/\/www.b2hive.com\/es\/plataforma-de-marca-blanca-de-opciones-binarias\/\" tabindex=\"-1\" >\n\t\t\t<div class=\"elementor-post__thumbnail\"><img loading=\"lazy\" decoding=\"async\" width=\"300\" height=\"300\" src=\"https:\/\/www.b2hive.com\/wp-content\/uploads\/2026\/03\/Plataforma-White-Label-300x300.png\" class=\"attachment-medium size-medium wp-image-1038\" alt=\"plataforma de marca blanca de opciones binarias\" srcset=\"https:\/\/b2hive.com\/wp-content\/uploads\/2026\/03\/Plataforma-White-Label-300x300.png 300w, https:\/\/b2hive.com\/wp-content\/uploads\/2026\/03\/Plataforma-White-Label-150x150.png 150w, https:\/\/b2hive.com\/wp-content\/uploads\/2026\/03\/Plataforma-White-Label-768x768.png 768w, https:\/\/b2hive.com\/wp-content\/uploads\/2026\/03\/Plataforma-White-Label.png 1024w\" sizes=\"(max-width: 300px) 100vw, 300px\" \/><\/div>\n\t\t<\/a>\n\t\t\t\t<div class=\"elementor-post__text\">\n\t\t\t\t<h3 class=\"elementor-post__title\">\n\t\t\t<a href=\"https:\/\/www.b2hive.com\/es\/plataforma-de-marca-blanca-de-opciones-binarias\/\" >\n\t\t\t\t\u00bfC\u00f3mo elegir la mejor plataforma de opciones binarias de marca blanca en 2026?\t\t\t<\/a>\n\t\t<\/h3>\n\t\t\t\t<div class=\"elementor-post__excerpt\">\n\t\t\t<p>Al decidir lanzar tu propia corredur\u00eda, la elecci\u00f3n de la tecnolog\u00eda es la decisi\u00f3n m\u00e1s importante que tomar\u00e1s. En 2026, el mercado ya no tolera el amateurismo, y el inversor debe elegir entre sistemas excesivamente caros o soluciones baratas que<\/p>\n\t\t<\/div>\n\t\t\n\t\t<a class=\"elementor-post__read-more\" href=\"https:\/\/www.b2hive.com\/es\/plataforma-de-marca-blanca-de-opciones-binarias\/\" aria-label=\"Read more about \u00bfC\u00f3mo elegir la mejor plataforma de opciones binarias de marca blanca en 2026?\" tabindex=\"-1\" >\n\t\t\tRead More \u00bb\t\t<\/a>\n\n\t\t\t\t<\/div>\n\t\t\t\t<\/article>\n\t\t\t\t<article class=\"elementor-post elementor-grid-item post-618 post type-post status-publish format-standard has-post-thumbnail hentry category-tecnologia-2\" role=\"listitem\">\n\t\t\t\t<a class=\"elementor-post__thumbnail__link\" href=\"https:\/\/www.b2hive.com\/es\/proveedor-de-tecnologia-para-plataformas-de-negociacion\/\" tabindex=\"-1\" >\n\t\t\t<div class=\"elementor-post__thumbnail\"><img loading=\"lazy\" decoding=\"async\" width=\"300\" height=\"300\" src=\"https:\/\/www.b2hive.com\/wp-content\/uploads\/2026\/02\/Technology-provider-for-trading-platforms-1-300x300.png\" class=\"attachment-medium size-medium wp-image-876\" alt=\"proveedor de tecnolog\u00eda para plataformas de negociaci\u00f3n\" srcset=\"https:\/\/b2hive.com\/wp-content\/uploads\/2026\/02\/Technology-provider-for-trading-platforms-1-300x300.png 300w, https:\/\/b2hive.com\/wp-content\/uploads\/2026\/02\/Technology-provider-for-trading-platforms-1-150x150.png 150w, https:\/\/b2hive.com\/wp-content\/uploads\/2026\/02\/Technology-provider-for-trading-platforms-1-768x768.png 768w, https:\/\/b2hive.com\/wp-content\/uploads\/2026\/02\/Technology-provider-for-trading-platforms-1.png 1024w\" sizes=\"(max-width: 300px) 100vw, 300px\" \/><\/div>\n\t\t<\/a>\n\t\t\t\t<div class=\"elementor-post__text\">\n\t\t\t\t<h3 class=\"elementor-post__title\">\n\t\t\t<a href=\"https:\/\/www.b2hive.com\/es\/proveedor-de-tecnologia-para-plataformas-de-negociacion\/\" >\n\t\t\t\t\u00bfQu\u00e9 buscar en un proveedor de tecnolog\u00eda para plataformas de negociaci\u00f3n?\t\t\t<\/a>\n\t\t<\/h3>\n\t\t\t\t<div class=\"elementor-post__excerpt\">\n\t\t\t<p>\u00bfInfraestructura completa o soluci\u00f3n fragmentada? Uno de los primeros puntos a analizar es si el proveedor de tecnolog\u00eda para plataformas de negociaci\u00f3n ofrece un ecosistema completo o solo una plataforma de negociaci\u00f3n aislada. La plataforma de negociaci\u00f3n como punto de<\/p>\n\t\t<\/div>\n\t\t\n\t\t<a class=\"elementor-post__read-more\" href=\"https:\/\/www.b2hive.com\/es\/proveedor-de-tecnologia-para-plataformas-de-negociacion\/\" aria-label=\"Read more about \u00bfQu\u00e9 buscar en un proveedor de tecnolog\u00eda para plataformas de negociaci\u00f3n?\" tabindex=\"-1\" >\n\t\t\tRead More \u00bb\t\t<\/a>\n\n\t\t\t\t<\/div>\n\t\t\t\t<\/article>\n\t\t\t\t<article class=\"elementor-post elementor-grid-item post-607 post type-post status-publish format-standard has-post-thumbnail hentry category-seguridad\" role=\"listitem\">\n\t\t\t\t<a class=\"elementor-post__thumbnail__link\" href=\"https:\/\/www.b2hive.com\/es\/sistema-de-gestion-de-riesgos-para-corredoras\/\" tabindex=\"-1\" >\n\t\t\t<div class=\"elementor-post__thumbnail\"><img loading=\"lazy\" decoding=\"async\" width=\"300\" height=\"300\" src=\"https:\/\/www.b2hive.com\/wp-content\/uploads\/2026\/02\/risk-managment-system-for-brokerages-300x300.png\" class=\"attachment-medium size-medium wp-image-879\" alt=\"Sistema de gesti\u00f3n de riesgos para corredoras\" srcset=\"https:\/\/b2hive.com\/wp-content\/uploads\/2026\/02\/risk-managment-system-for-brokerages-300x300.png 300w, https:\/\/b2hive.com\/wp-content\/uploads\/2026\/02\/risk-managment-system-for-brokerages-150x150.png 150w, https:\/\/b2hive.com\/wp-content\/uploads\/2026\/02\/risk-managment-system-for-brokerages-768x768.png 768w, https:\/\/b2hive.com\/wp-content\/uploads\/2026\/02\/risk-managment-system-for-brokerages.png 1024w\" sizes=\"(max-width: 300px) 100vw, 300px\" \/><\/div>\n\t\t<\/a>\n\t\t\t\t<div class=\"elementor-post__text\">\n\t\t\t\t<h3 class=\"elementor-post__title\">\n\t\t\t<a href=\"https:\/\/www.b2hive.com\/es\/sistema-de-gestion-de-riesgos-para-corredoras\/\" >\n\t\t\t\tSistema de gesti\u00f3n de riesgos para corredoras: \u00bfpor qu\u00e9 invertir en una plataforma que lo tenga?\t\t\t<\/a>\n\t\t<\/h3>\n\t\t\t\t<div class=\"elementor-post__excerpt\">\n\t\t\t<p>Todas las corredoras digitales nacen con un objetivo claro: aumentar el volumen, incrementar la retenci\u00f3n y construir una operaci\u00f3n financieramente sostenible.&nbsp; Lo que a menudo se subestima en este proceso es que el crecimiento sin control del riesgo no es<\/p>\n\t\t<\/div>\n\t\t\n\t\t<a class=\"elementor-post__read-more\" href=\"https:\/\/www.b2hive.com\/es\/sistema-de-gestion-de-riesgos-para-corredoras\/\" aria-label=\"Read more about Sistema de gesti\u00f3n de riesgos para corredoras: \u00bfpor qu\u00e9 invertir en una plataforma que lo tenga?\" tabindex=\"-1\" >\n\t\t\tRead More \u00bb\t\t<\/a>\n\n\t\t\t\t<\/div>\n\t\t\t\t<\/article>\n\t\t\t\t<\/div>\n\t\t\n\t\t\t\t\t\t<\/div>\n\t\t\t\t<\/div>\n\t\t\t\t\t<\/div>\n\t\t\t\t<\/div>\n\t\t\t\t<\/div>\n\t\t","protected":false},"excerpt":{"rendered":"<p>Blog<\/p>\n","protected":false},"author":1,"featured_media":0,"parent":0,"menu_order":0,"comment_status":"closed","ping_status":"closed","template":"elementor_header_footer","meta":{"footnotes":""},"class_list":["post-956","page","type-page","status-publish","hentry"],"yoast_head":"<!-- This site is optimized with the Yoast SEO plugin v27.4 - https:\/\/yoast.com\/product\/yoast-seo-wordpress\/ -->\n<title>Blog - B2Hive | Turnkey Forex, Prop &amp; Binary Brokerage Solutions<\/title>\n<meta name=\"robots\" content=\"index, follow, max-snippet:-1, max-image-preview:large, max-video-preview:-1\" \/>\n<link rel=\"canonical\" href=\"https:\/\/b2hive.com\/es\/blog\/\" \/>\n<meta property=\"og:locale\" content=\"es_ES\" \/>\n<meta property=\"og:type\" content=\"article\" \/>\n<meta property=\"og:title\" content=\"Blog - B2Hive | Turnkey Forex, Prop &amp; Binary Brokerage Solutions\" \/>\n<meta property=\"og:description\" content=\"Blog\" \/>\n<meta property=\"og:url\" content=\"https:\/\/b2hive.com\/es\/blog\/\" \/>\n<meta property=\"og:site_name\" content=\"B2Hive | Turnkey Forex, Prop &amp; Binary Brokerage Solutions\" \/>\n<meta property=\"article:modified_time\" content=\"2026-02-26T17:58:12+00:00\" \/>\n<meta name=\"twitter:card\" content=\"summary_large_image\" \/>\n<meta name=\"twitter:label1\" content=\"Tiempo de lectura\" \/>\n\t<meta name=\"twitter:data1\" content=\"5 minutos\" \/>\n<script type=\"application\/ld+json\" class=\"yoast-schema-graph\">{\"@context\":\"https:\\\/\\\/schema.org\",\"@graph\":[{\"@type\":\"WebPage\",\"@id\":\"https:\\\/\\\/b2hive.com\\\/es\\\/blog\\\/\",\"url\":\"https:\\\/\\\/b2hive.com\\\/es\\\/blog\\\/\",\"name\":\"Blog - B2Hive | Turnkey Forex, Prop &amp; Binary Brokerage Solutions\",\"isPartOf\":{\"@id\":\"https:\\\/\\\/91.243.179.9\\\/#website\"},\"datePublished\":\"2025-12-10T14:18:11+00:00\",\"dateModified\":\"2026-02-26T17:58:12+00:00\",\"breadcrumb\":{\"@id\":\"https:\\\/\\\/b2hive.com\\\/es\\\/blog\\\/#breadcrumb\"},\"inLanguage\":\"es\",\"potentialAction\":[{\"@type\":\"ReadAction\",\"target\":[\"https:\\\/\\\/b2hive.com\\\/es\\\/blog\\\/\"]}]},{\"@type\":\"BreadcrumbList\",\"@id\":\"https:\\\/\\\/b2hive.com\\\/es\\\/blog\\\/#breadcrumb\",\"itemListElement\":[{\"@type\":\"ListItem\",\"position\":1,\"name\":\"Home\",\"item\":\"https:\\\/\\\/b2hive.com\\\/es\\\/\"},{\"@type\":\"ListItem\",\"position\":2,\"name\":\"Blog\"}]},{\"@type\":\"WebSite\",\"@id\":\"https:\\\/\\\/91.243.179.9\\\/#website\",\"url\":\"https:\\\/\\\/91.243.179.9\\\/\",\"name\":\"B2Hive | Turnkey Forex, Prop & Binary Brokerage Solutions\",\"description\":\"Launch your own brokerage with B2Hive \u2014 a complete solution for Forex, Prop Trading, and Binary Options. Advanced platforms, CRM, liquidity &amp; more.\",\"alternateName\":\"B2Hive | Binary Brokerage Solutions\",\"potentialAction\":[{\"@type\":\"SearchAction\",\"target\":{\"@type\":\"EntryPoint\",\"urlTemplate\":\"https:\\\/\\\/91.243.179.9\\\/?s={search_term_string}\"},\"query-input\":{\"@type\":\"PropertyValueSpecification\",\"valueRequired\":true,\"valueName\":\"search_term_string\"}}],\"inLanguage\":\"es\"}]}<\/script>\n<!-- \/ Yoast SEO plugin. -->","yoast_head_json":{"title":"Blog - B2Hive | Turnkey Forex, Prop &amp; Binary Brokerage Solutions","robots":{"index":"index","follow":"follow","max-snippet":"max-snippet:-1","max-image-preview":"max-image-preview:large","max-video-preview":"max-video-preview:-1"},"canonical":"https:\/\/b2hive.com\/es\/blog\/","og_locale":"es_ES","og_type":"article","og_title":"Blog - B2Hive | Turnkey Forex, Prop &amp; Binary Brokerage Solutions","og_description":"Blog","og_url":"https:\/\/b2hive.com\/es\/blog\/","og_site_name":"B2Hive | Turnkey Forex, Prop &amp; Binary Brokerage Solutions","article_modified_time":"2026-02-26T17:58:12+00:00","twitter_card":"summary_large_image","twitter_misc":{"Tiempo de lectura":"5 minutos"},"schema":{"@context":"https:\/\/schema.org","@graph":[{"@type":"WebPage","@id":"https:\/\/b2hive.com\/es\/blog\/","url":"https:\/\/b2hive.com\/es\/blog\/","name":"Blog - B2Hive | Turnkey Forex, Prop &amp; Binary Brokerage Solutions","isPartOf":{"@id":"https:\/\/91.243.179.9\/#website"},"datePublished":"2025-12-10T14:18:11+00:00","dateModified":"2026-02-26T17:58:12+00:00","breadcrumb":{"@id":"https:\/\/b2hive.com\/es\/blog\/#breadcrumb"},"inLanguage":"es","potentialAction":[{"@type":"ReadAction","target":["https:\/\/b2hive.com\/es\/blog\/"]}]},{"@type":"BreadcrumbList","@id":"https:\/\/b2hive.com\/es\/blog\/#breadcrumb","itemListElement":[{"@type":"ListItem","position":1,"name":"Home","item":"https:\/\/b2hive.com\/es\/"},{"@type":"ListItem","position":2,"name":"Blog"}]},{"@type":"WebSite","@id":"https:\/\/91.243.179.9\/#website","url":"https:\/\/91.243.179.9\/","name":"B2Hive | Turnkey Forex, Prop & Binary Brokerage Solutions","description":"Launch your own brokerage with B2Hive \u2014 a complete solution for Forex, Prop Trading, and Binary Options. Advanced platforms, CRM, liquidity &amp; more.","alternateName":"B2Hive | Binary Brokerage Solutions","potentialAction":[{"@type":"SearchAction","target":{"@type":"EntryPoint","urlTemplate":"https:\/\/91.243.179.9\/?s={search_term_string}"},"query-input":{"@type":"PropertyValueSpecification","valueRequired":true,"valueName":"search_term_string"}}],"inLanguage":"es"}]}},"_links":{"self":[{"href":"https:\/\/www.b2hive.com\/es\/wp-json\/wp\/v2\/pages\/956","targetHints":{"allow":["GET"]}}],"collection":[{"href":"https:\/\/www.b2hive.com\/es\/wp-json\/wp\/v2\/pages"}],"about":[{"href":"https:\/\/www.b2hive.com\/es\/wp-json\/wp\/v2\/types\/page"}],"author":[{"embeddable":true,"href":"https:\/\/www.b2hive.com\/es\/wp-json\/wp\/v2\/users\/1"}],"replies":[{"embeddable":true,"href":"https:\/\/www.b2hive.com\/es\/wp-json\/wp\/v2\/comments?post=956"}],"version-history":[{"count":7,"href":"https:\/\/www.b2hive.com\/es\/wp-json\/wp\/v2\/pages\/956\/revisions"}],"predecessor-version":[{"id":963,"href":"https:\/\/www.b2hive.com\/es\/wp-json\/wp\/v2\/pages\/956\/revisions\/963"}],"wp:attachment":[{"href":"https:\/\/www.b2hive.com\/es\/wp-json\/wp\/v2\/media?parent=956"}],"curies":[{"name":"wp","href":"https:\/\/api.w.org\/{rel}","templated":true}]}}